{"id":13,"date":"2024-11-18T13:39:52","date_gmt":"2024-11-18T11:39:52","guid":{"rendered":"https:\/\/tekeva.lappia.fi\/wordpress\/?page_id=13"},"modified":"2025-01-14T08:24:18","modified_gmt":"2025-01-14T06:24:18","slug":"wordpress-koti","status":"publish","type":"page","link":"https:\/\/tekeva.lappia.fi\/","title":{"rendered":"Kotisivu"},"content":{"rendered":"\n<p>T\u00e4ss\u00e4 teemassa k\u00e4yt\u00f6ss\u00e4 on ns. tervetuloa tai landing sivu, joten t\u00e4m\u00e4n sivun sis\u00e4lt\u00f6 ei ole n\u00e4kyviss\u00e4.<\/p>\n\n\n\n<p><\/p>\n","protected":false},"excerpt":{"rendered":"<p>T\u00e4ss\u00e4 teemassa k\u00e4yt\u00f6ss\u00e4 on ns. tervetuloa tai landing sivu, joten t\u00e4m\u00e4n sivun sis\u00e4lt\u00f6 ei ole n\u00e4kyviss\u00e4.<\/p>\n","protected":false},"author":2,"featured_media":0,"parent":0,"menu_order":0,"comment_status":"closed","ping_status":"closed","template":"","meta":{"footnotes":""},"class_list":["post-13","page","type-page","status-publish","hentry"],"yoast_head":"<!-- This site is optimized with the Yoast SEO plugin v24.3 - https:\/\/yoast.com\/wordpress\/plugins\/seo\/ -->\n<title>Kotisivu - Tekev\u00e4 Lappia Osuuskunta<\/title>\n<meta name=\"description\" content=\"Tekev\u00e4 Lappia Osuuskunta tarjoaa tuotteita ja palveluja moniin tarpeisiin eri ammatteihin koulutettujen tekij\u00f6iden toteuttamana.\" \/>\n<meta name=\"robots\" content=\"index, follow, max-snippet:-1, max-image-preview:large, max-video-preview:-1\" \/>\n<link rel=\"canonical\" href=\"https:\/\/tekeva.lappia.fi\/\" \/>\n<meta property=\"og:locale\" content=\"fi_FI\" \/>\n<meta property=\"og:type\" content=\"article\" \/>\n<meta property=\"og:title\" content=\"Kotisivu - Tekev\u00e4 Lappia Osuuskunta\" \/>\n<meta property=\"og:description\" content=\"Tekev\u00e4 Lappia Osuuskunta tarjoaa tuotteita ja palveluja moniin tarpeisiin eri ammatteihin koulutettujen tekij\u00f6iden toteuttamana.\" \/>\n<meta property=\"og:url\" content=\"https:\/\/tekeva.lappia.fi\/\" \/>\n<meta property=\"og:site_name\" content=\"Tekev\u00e4 Lappia Osuuskunta\" \/>\n<meta property=\"article:modified_time\" content=\"2025-01-14T06:24:18+00:00\" \/>\n<meta name=\"twitter:card\" content=\"summary_large_image\" \/>\n<meta name=\"twitter:label1\" content=\"Arvioitu lukuaika\" \/>\n\t<meta name=\"twitter:data1\" content=\"1 minuutti\" \/>\n<script type=\"application\/ld+json\" class=\"yoast-schema-graph\">{\"@context\":\"https:\/\/schema.org\",\"@graph\":[{\"@type\":\"WebPage\",\"@id\":\"https:\/\/tekeva.lappia.fi\/\",\"url\":\"https:\/\/tekeva.lappia.fi\/\",\"name\":\"Kotisivu - Tekev\u00e4 Lappia Osuuskunta\",\"isPartOf\":{\"@id\":\"https:\/\/tekeva.lappia.fi\/#website\"},\"datePublished\":\"2024-11-18T11:39:52+00:00\",\"dateModified\":\"2025-01-14T06:24:18+00:00\",\"description\":\"Tekev\u00e4 Lappia Osuuskunta tarjoaa tuotteita ja palveluja moniin tarpeisiin eri ammatteihin koulutettujen tekij\u00f6iden toteuttamana.\",\"breadcrumb\":{\"@id\":\"https:\/\/tekeva.lappia.fi\/#breadcrumb\"},\"inLanguage\":\"fi\",\"potentialAction\":[{\"@type\":\"ReadAction\",\"target\":[\"https:\/\/tekeva.lappia.fi\/\"]}]},{\"@type\":\"BreadcrumbList\",\"@id\":\"https:\/\/tekeva.lappia.fi\/#breadcrumb\",\"itemListElement\":[{\"@type\":\"ListItem\",\"position\":1,\"name\":\"Etusivu\",\"item\":\"https:\/\/tekeva.lappia.fi\/\"},{\"@type\":\"ListItem\",\"position\":2,\"name\":\"Kotisivu\"}]},{\"@type\":\"WebSite\",\"@id\":\"https:\/\/tekeva.lappia.fi\/#website\",\"url\":\"https:\/\/tekeva.lappia.fi\/\",\"name\":\"Tekev\u00e4 Lappia Osuuskunta\",\"description\":\"Tutustu palveluihimme ja l\u00f6yd\u00e4 ty\u00f6llesi tekij\u00e4!\",\"publisher\":{\"@id\":\"https:\/\/tekeva.lappia.fi\/#organization\"},\"alternateName\":\"Tekev\u00e4\",\"potentialAction\":[{\"@type\":\"SearchAction\",\"target\":{\"@type\":\"EntryPoint\",\"urlTemplate\":\"https:\/\/tekeva.lappia.fi\/?s={search_term_string}\"},\"query-input\":{\"@type\":\"PropertyValueSpecification\",\"valueRequired\":true,\"valueName\":\"search_term_string\"}}],\"inLanguage\":\"fi\"},{\"@type\":\"Organization\",\"@id\":\"https:\/\/tekeva.lappia.fi\/#organization\",\"name\":\"Tekev\u00e4 Lappia Osuuskunta\",\"alternateName\":\"Tekev\u00e4\",\"url\":\"https:\/\/tekeva.lappia.fi\/\",\"logo\":{\"@type\":\"ImageObject\",\"inLanguage\":\"fi\",\"@id\":\"https:\/\/tekeva.lappia.fi\/#\/schema\/logo\/image\/\",\"url\":\"http:\/\/tekeva.lappia.fi\/wordpress\/wp-content\/uploads\/2024\/11\/cropped-cropped-mkt2.jpg\",\"contentUrl\":\"http:\/\/tekeva.lappia.fi\/wordpress\/wp-content\/uploads\/2024\/11\/cropped-cropped-mkt2.jpg\",\"width\":512,\"height\":512,\"caption\":\"Tekev\u00e4 Lappia Osuuskunta\"},\"image\":{\"@id\":\"https:\/\/tekeva.lappia.fi\/#\/schema\/logo\/image\/\"}}]}<\/script>\n<!-- \/ Yoast SEO plugin. -->","yoast_head_json":{"title":"Kotisivu - Tekev\u00e4 Lappia Osuuskunta","description":"Tekev\u00e4 Lappia Osuuskunta tarjoaa tuotteita ja palveluja moniin tarpeisiin eri ammatteihin koulutettujen tekij\u00f6iden toteuttamana.","robots":{"index":"index","follow":"follow","max-snippet":"max-snippet:-1","max-image-preview":"max-image-preview:large","max-video-preview":"max-video-preview:-1"},"canonical":"https:\/\/tekeva.lappia.fi\/","og_locale":"fi_FI","og_type":"article","og_title":"Kotisivu - Tekev\u00e4 Lappia Osuuskunta","og_description":"Tekev\u00e4 Lappia Osuuskunta tarjoaa tuotteita ja palveluja moniin tarpeisiin eri ammatteihin koulutettujen tekij\u00f6iden toteuttamana.","og_url":"https:\/\/tekeva.lappia.fi\/","og_site_name":"Tekev\u00e4 Lappia Osuuskunta","article_modified_time":"2025-01-14T06:24:18+00:00","twitter_card":"summary_large_image","twitter_misc":{"Arvioitu lukuaika":"1 minuutti"},"schema":{"@context":"https:\/\/schema.org","@graph":[{"@type":"WebPage","@id":"https:\/\/tekeva.lappia.fi\/","url":"https:\/\/tekeva.lappia.fi\/","name":"Kotisivu - Tekev\u00e4 Lappia Osuuskunta","isPartOf":{"@id":"https:\/\/tekeva.lappia.fi\/#website"},"datePublished":"2024-11-18T11:39:52+00:00","dateModified":"2025-01-14T06:24:18+00:00","description":"Tekev\u00e4 Lappia Osuuskunta tarjoaa tuotteita ja palveluja moniin tarpeisiin eri ammatteihin koulutettujen tekij\u00f6iden toteuttamana.","breadcrumb":{"@id":"https:\/\/tekeva.lappia.fi\/#breadcrumb"},"inLanguage":"fi","potentialAction":[{"@type":"ReadAction","target":["https:\/\/tekeva.lappia.fi\/"]}]},{"@type":"BreadcrumbList","@id":"https:\/\/tekeva.lappia.fi\/#breadcrumb","itemListElement":[{"@type":"ListItem","position":1,"name":"Etusivu","item":"https:\/\/tekeva.lappia.fi\/"},{"@type":"ListItem","position":2,"name":"Kotisivu"}]},{"@type":"WebSite","@id":"https:\/\/tekeva.lappia.fi\/#website","url":"https:\/\/tekeva.lappia.fi\/","name":"Tekev\u00e4 Lappia Osuuskunta","description":"Tutustu palveluihimme ja l\u00f6yd\u00e4 ty\u00f6llesi tekij\u00e4!","publisher":{"@id":"https:\/\/tekeva.lappia.fi\/#organization"},"alternateName":"Tekev\u00e4","potentialAction":[{"@type":"SearchAction","target":{"@type":"EntryPoint","urlTemplate":"https:\/\/tekeva.lappia.fi\/?s={search_term_string}"},"query-input":{"@type":"PropertyValueSpecification","valueRequired":true,"valueName":"search_term_string"}}],"inLanguage":"fi"},{"@type":"Organization","@id":"https:\/\/tekeva.lappia.fi\/#organization","name":"Tekev\u00e4 Lappia Osuuskunta","alternateName":"Tekev\u00e4","url":"https:\/\/tekeva.lappia.fi\/","logo":{"@type":"ImageObject","inLanguage":"fi","@id":"https:\/\/tekeva.lappia.fi\/#\/schema\/logo\/image\/","url":"http:\/\/tekeva.lappia.fi\/wordpress\/wp-content\/uploads\/2024\/11\/cropped-cropped-mkt2.jpg","contentUrl":"http:\/\/tekeva.lappia.fi\/wordpress\/wp-content\/uploads\/2024\/11\/cropped-cropped-mkt2.jpg","width":512,"height":512,"caption":"Tekev\u00e4 Lappia Osuuskunta"},"image":{"@id":"https:\/\/tekeva.lappia.fi\/#\/schema\/logo\/image\/"}}]}},"_links":{"self":[{"href":"https:\/\/tekeva.lappia.fi\/index.php\/wp-json\/wp\/v2\/pages\/13","targetHints":{"allow":["GET"]}}],"collection":[{"href":"https:\/\/tekeva.lappia.fi\/index.php\/wp-json\/wp\/v2\/pages"}],"about":[{"href":"https:\/\/tekeva.lappia.fi\/index.php\/wp-json\/wp\/v2\/types\/page"}],"author":[{"embeddable":true,"href":"https:\/\/tekeva.lappia.fi\/index.php\/wp-json\/wp\/v2\/users\/2"}],"replies":[{"embeddable":true,"href":"https:\/\/tekeva.lappia.fi\/index.php\/wp-json\/wp\/v2\/comments?post=13"}],"version-history":[{"count":12,"href":"https:\/\/tekeva.lappia.fi\/index.php\/wp-json\/wp\/v2\/pages\/13\/revisions"}],"predecessor-version":[{"id":173,"href":"https:\/\/tekeva.lappia.fi\/index.php\/wp-json\/wp\/v2\/pages\/13\/revisions\/173"}],"wp:attachment":[{"href":"https:\/\/tekeva.lappia.fi\/index.php\/wp-json\/wp\/v2\/media?parent=13"}],"curies":[{"name":"wp","href":"https:\/\/api.w.org\/{rel}","templated":true}]}}