{"id":18,"date":"2024-11-18T13:52:49","date_gmt":"2024-11-18T11:52:49","guid":{"rendered":"https:\/\/tekeva.lappia.fi\/wordpress\/?page_id=18"},"modified":"2025-01-23T13:42:48","modified_gmt":"2025-01-23T11:42:48","slug":"osuuskunta","status":"publish","type":"page","link":"https:\/\/tekeva.lappia.fi\/index.php\/osuuskunta\/","title":{"rendered":"Osuuskunta"},"content":{"rendered":"\n<p>Tutustu palveluihimme ja l\u00f6yd\u00e4 ty\u00f6llesi tekij\u00e4! Tekev\u00e4 tarjoaa tuotteita ja palveluja moniin tarpeisiin eri ammatteihin koulutettujen tekij\u00f6iden toteuttamana. <br><br>Ostamalla tuotteitamme ja palveluitamme autat samalla Ammattiopisto Lappiassa ja Lapin ammattikorkeakoulussa ammattitaitoaan kehitt\u00e4vi\u00e4 opiskelijoita itsens\u00e4 ty\u00f6llist\u00e4miseen, ty\u00f6teht\u00e4viss\u00e4 harjaantumiseen, omien tuotteiden ja palveluiden kehitt\u00e4miseen, yritt\u00e4jyyteen sek\u00e4 onnistuneisiin asiakassuhteisiin.<\/p>\n\n\n\n<figure class=\"wp-block-image size-full is-resized\"><img loading=\"lazy\" decoding=\"async\" width=\"713\" height=\"425\" src=\"http:\/\/tekeva.lappia.fi\/wordpress\/wp-content\/uploads\/2024\/11\/porukka1.png\" alt=\"\" class=\"wp-image-60\" style=\"width:403px;height:auto\" srcset=\"https:\/\/tekeva.lappia.fi\/wp-content\/uploads\/2024\/11\/porukka1.png 713w, https:\/\/tekeva.lappia.fi\/wp-content\/uploads\/2024\/11\/porukka1-300x179.png 300w\" sizes=\"auto, (max-width: 713px) 100vw, 713px\" \/><\/figure>\n\n\n\n<h2 class=\"wp-block-heading\">Osuustoimintayritt\u00e4jyytt\u00e4 vuodesta 2010<\/h2>\n\n\n\n<p>Toiminta-ajatuksemme on opiskelijaty\u00f6n ja tuotteiden v\u00e4litt\u00e4minen tarvitseville asiakkaille yritt\u00e4j\u00e4m\u00e4isesti. Toimimme Ammattiopisto Lappian monissa toimipaikoissa ja uusi myym\u00e4l\u00e4mme palvelee Torniossa, Lappian p\u00e4\u00e4rakennuksessa, Urheilukatu 6, 95400 Tornio<br><br>Osuustoiminta tarjoaa toimintaymp\u00e4rist\u00f6n yritt\u00e4jyyskasvatukselle liittyen Ammattiopisto Lappian Yritt\u00e4jyyskoulun laajennushankkeeseen. Toimimme my\u00f6s esihautomona uusille yritys- ja tuoteideoille.<br><\/p>\n\n\n\n<h2 class=\"wp-block-heading\"><br>J\u00e4seneksi ja tekij\u00e4ksi <\/h2>\n\n\n\n<p>Tekev\u00e4 Lappia Osuuskunta on j\u00e4sentens\u00e4 omistama ty\u00f6yhteis\u00f6, jonka avulla voi ty\u00f6llist\u00e4\u00e4 itsens\u00e4 esimerkiksi tekem\u00e4ll\u00e4 ty\u00f6keikkoja, myym\u00e4ll\u00e4 tuotteita tai osallistumalla yhteisiin hankkeisiin. Toimimme yritt\u00e4j\u00e4m\u00e4isesti, mutta osuuskunnan ty\u00f6ntekij\u00f6in\u00e4, saaden ty\u00f6suorituksiin tukea ja ohjausta. Osuuskunta laskuttaa tehdyt ty\u00f6t asiakkailta sek\u00e4 maksaa kertyneet palkat tekij\u00f6ille.<br><br>Osuuskunnan j\u00e4seneksi hakeudutaan l\u00e4hett\u00e4m\u00e4ll\u00e4 osuuskunnalle tiedot osaamisestaan (cv, portfolio) sek\u00e4 tarjoamistaan tuotteista ja palveluista.<\/p>\n\n\n\n<p><\/p>\n\n\n\n<h2 class=\"wp-block-heading\">Hallitus:<\/h2>\n\n\n\n<p><a href=\"https:\/\/tekeva.lappia.fi\/index.php\/tekijat\/#maijar\">Maija Rahkonen, hallituksen puheenjohtaja<\/a><br><a href=\"https:\/\/tekeva.lappia.fi\/index.php\/tekijat\/#piat\">Pia Turunen, hallituksen j\u00e4sen<\/a><br><a href=\"https:\/\/tekeva.lappia.fi\/index.php\/tekijat\/#monikah\">Monika Hohtari, hallituksen j\u00e4sen<\/a><\/p>\n\n\n\n<h2 class=\"wp-block-heading\"><\/h2>\n\n\n\n<p><\/p>\n","protected":false},"excerpt":{"rendered":"<p>Tutustu palveluihimme ja l\u00f6yd\u00e4 ty\u00f6llesi tekij\u00e4! Tekev\u00e4 tarjoaa tuotteita ja palveluja moniin tarpeisiin eri ammatteihin koulutettujen tekij\u00f6iden toteuttamana. Ostamalla tuotteitamme &hellip;<\/p>\n","protected":false},"author":2,"featured_media":0,"parent":0,"menu_order":0,"comment_status":"closed","ping_status":"closed","template":"","meta":{"footnotes":""},"class_list":["post-18","page","type-page","status-publish","hentry"],"yoast_head":"<!-- This site is optimized with the Yoast SEO plugin v24.3 - https:\/\/yoast.com\/wordpress\/plugins\/seo\/ -->\n<title>Osuuskunta - Tekev\u00e4 Lappia Osuuskunta<\/title>\n<meta name=\"description\" content=\"Tekev\u00e4 Lappia Osuuskunta tarjoaa tuotteita ja palveluja moniin tarpeisiin eri ammatteihin koulutettujen tekij\u00f6iden toteuttamana.\" \/>\n<meta name=\"robots\" content=\"index, follow, max-snippet:-1, max-image-preview:large, max-video-preview:-1\" \/>\n<link rel=\"canonical\" href=\"https:\/\/tekeva.lappia.fi\/index.php\/osuuskunta\/\" \/>\n<meta property=\"og:locale\" content=\"fi_FI\" \/>\n<meta property=\"og:type\" content=\"article\" \/>\n<meta property=\"og:title\" content=\"Osuuskunta - Tekev\u00e4 Lappia Osuuskunta\" \/>\n<meta property=\"og:description\" content=\"Tekev\u00e4 Lappia Osuuskunta tarjoaa tuotteita ja palveluja moniin tarpeisiin eri ammatteihin koulutettujen tekij\u00f6iden toteuttamana.\" \/>\n<meta property=\"og:url\" content=\"https:\/\/tekeva.lappia.fi\/index.php\/osuuskunta\/\" \/>\n<meta property=\"og:site_name\" content=\"Tekev\u00e4 Lappia Osuuskunta\" \/>\n<meta property=\"article:modified_time\" content=\"2025-01-23T11:42:48+00:00\" \/>\n<meta property=\"og:image\" content=\"https:\/\/tekeva.lappia.fi\/wp-content\/uploads\/2024\/11\/porukka1.png\" \/>\n\t<meta property=\"og:image:width\" content=\"713\" \/>\n\t<meta property=\"og:image:height\" content=\"425\" \/>\n\t<meta property=\"og:image:type\" content=\"image\/png\" \/>\n<meta name=\"twitter:card\" content=\"summary_large_image\" \/>\n<meta name=\"twitter:label1\" content=\"Arvioitu lukuaika\" \/>\n\t<meta name=\"twitter:data1\" content=\"2 minuuttia\" \/>\n<script type=\"application\/ld+json\" class=\"yoast-schema-graph\">{\"@context\":\"https:\/\/schema.org\",\"@graph\":[{\"@type\":\"WebPage\",\"@id\":\"https:\/\/tekeva.lappia.fi\/index.php\/osuuskunta\/\",\"url\":\"https:\/\/tekeva.lappia.fi\/index.php\/osuuskunta\/\",\"name\":\"Osuuskunta - Tekev\u00e4 Lappia Osuuskunta\",\"isPartOf\":{\"@id\":\"https:\/\/tekeva.lappia.fi\/#website\"},\"primaryImageOfPage\":{\"@id\":\"https:\/\/tekeva.lappia.fi\/index.php\/osuuskunta\/#primaryimage\"},\"image\":{\"@id\":\"https:\/\/tekeva.lappia.fi\/index.php\/osuuskunta\/#primaryimage\"},\"thumbnailUrl\":\"http:\/\/tekeva.lappia.fi\/wordpress\/wp-content\/uploads\/2024\/11\/porukka1.png\",\"datePublished\":\"2024-11-18T11:52:49+00:00\",\"dateModified\":\"2025-01-23T11:42:48+00:00\",\"description\":\"Tekev\u00e4 Lappia Osuuskunta tarjoaa tuotteita ja palveluja moniin tarpeisiin eri ammatteihin koulutettujen tekij\u00f6iden toteuttamana.\",\"breadcrumb\":{\"@id\":\"https:\/\/tekeva.lappia.fi\/index.php\/osuuskunta\/#breadcrumb\"},\"inLanguage\":\"fi\",\"potentialAction\":[{\"@type\":\"ReadAction\",\"target\":[\"https:\/\/tekeva.lappia.fi\/index.php\/osuuskunta\/\"]}]},{\"@type\":\"ImageObject\",\"inLanguage\":\"fi\",\"@id\":\"https:\/\/tekeva.lappia.fi\/index.php\/osuuskunta\/#primaryimage\",\"url\":\"https:\/\/tekeva.lappia.fi\/wp-content\/uploads\/2024\/11\/porukka1.png\",\"contentUrl\":\"https:\/\/tekeva.lappia.fi\/wp-content\/uploads\/2024\/11\/porukka1.png\",\"width\":713,\"height\":425},{\"@type\":\"BreadcrumbList\",\"@id\":\"https:\/\/tekeva.lappia.fi\/index.php\/osuuskunta\/#breadcrumb\",\"itemListElement\":[{\"@type\":\"ListItem\",\"position\":1,\"name\":\"Etusivu\",\"item\":\"https:\/\/tekeva.lappia.fi\/\"},{\"@type\":\"ListItem\",\"position\":2,\"name\":\"Osuuskunta\"}]},{\"@type\":\"WebSite\",\"@id\":\"https:\/\/tekeva.lappia.fi\/#website\",\"url\":\"https:\/\/tekeva.lappia.fi\/\",\"name\":\"Tekev\u00e4 Lappia Osuuskunta\",\"description\":\"Tutustu palveluihimme ja l\u00f6yd\u00e4 ty\u00f6llesi tekij\u00e4!\",\"publisher\":{\"@id\":\"https:\/\/tekeva.lappia.fi\/#organization\"},\"alternateName\":\"Tekev\u00e4\",\"potentialAction\":[{\"@type\":\"SearchAction\",\"target\":{\"@type\":\"EntryPoint\",\"urlTemplate\":\"https:\/\/tekeva.lappia.fi\/?s={search_term_string}\"},\"query-input\":{\"@type\":\"PropertyValueSpecification\",\"valueRequired\":true,\"valueName\":\"search_term_string\"}}],\"inLanguage\":\"fi\"},{\"@type\":\"Organization\",\"@id\":\"https:\/\/tekeva.lappia.fi\/#organization\",\"name\":\"Tekev\u00e4 Lappia Osuuskunta\",\"alternateName\":\"Tekev\u00e4\",\"url\":\"https:\/\/tekeva.lappia.fi\/\",\"logo\":{\"@type\":\"ImageObject\",\"inLanguage\":\"fi\",\"@id\":\"https:\/\/tekeva.lappia.fi\/#\/schema\/logo\/image\/\",\"url\":\"http:\/\/tekeva.lappia.fi\/wordpress\/wp-content\/uploads\/2024\/11\/cropped-cropped-mkt2.jpg\",\"contentUrl\":\"http:\/\/tekeva.lappia.fi\/wordpress\/wp-content\/uploads\/2024\/11\/cropped-cropped-mkt2.jpg\",\"width\":512,\"height\":512,\"caption\":\"Tekev\u00e4 Lappia Osuuskunta\"},\"image\":{\"@id\":\"https:\/\/tekeva.lappia.fi\/#\/schema\/logo\/image\/\"}}]}<\/script>\n<!-- \/ Yoast SEO plugin. -->","yoast_head_json":{"title":"Osuuskunta - Tekev\u00e4 Lappia Osuuskunta","description":"Tekev\u00e4 Lappia Osuuskunta tarjoaa tuotteita ja palveluja moniin tarpeisiin eri ammatteihin koulutettujen tekij\u00f6iden toteuttamana.","robots":{"index":"index","follow":"follow","max-snippet":"max-snippet:-1","max-image-preview":"max-image-preview:large","max-video-preview":"max-video-preview:-1"},"canonical":"https:\/\/tekeva.lappia.fi\/index.php\/osuuskunta\/","og_locale":"fi_FI","og_type":"article","og_title":"Osuuskunta - Tekev\u00e4 Lappia Osuuskunta","og_description":"Tekev\u00e4 Lappia Osuuskunta tarjoaa tuotteita ja palveluja moniin tarpeisiin eri ammatteihin koulutettujen tekij\u00f6iden toteuttamana.","og_url":"https:\/\/tekeva.lappia.fi\/index.php\/osuuskunta\/","og_site_name":"Tekev\u00e4 Lappia Osuuskunta","article_modified_time":"2025-01-23T11:42:48+00:00","og_image":[{"width":713,"height":425,"url":"https:\/\/tekeva.lappia.fi\/wp-content\/uploads\/2024\/11\/porukka1.png","type":"image\/png"}],"twitter_card":"summary_large_image","twitter_misc":{"Arvioitu lukuaika":"2 minuuttia"},"schema":{"@context":"https:\/\/schema.org","@graph":[{"@type":"WebPage","@id":"https:\/\/tekeva.lappia.fi\/index.php\/osuuskunta\/","url":"https:\/\/tekeva.lappia.fi\/index.php\/osuuskunta\/","name":"Osuuskunta - Tekev\u00e4 Lappia Osuuskunta","isPartOf":{"@id":"https:\/\/tekeva.lappia.fi\/#website"},"primaryImageOfPage":{"@id":"https:\/\/tekeva.lappia.fi\/index.php\/osuuskunta\/#primaryimage"},"image":{"@id":"https:\/\/tekeva.lappia.fi\/index.php\/osuuskunta\/#primaryimage"},"thumbnailUrl":"http:\/\/tekeva.lappia.fi\/wordpress\/wp-content\/uploads\/2024\/11\/porukka1.png","datePublished":"2024-11-18T11:52:49+00:00","dateModified":"2025-01-23T11:42:48+00:00","description":"Tekev\u00e4 Lappia Osuuskunta tarjoaa tuotteita ja palveluja moniin tarpeisiin eri ammatteihin koulutettujen tekij\u00f6iden toteuttamana.","breadcrumb":{"@id":"https:\/\/tekeva.lappia.fi\/index.php\/osuuskunta\/#breadcrumb"},"inLanguage":"fi","potentialAction":[{"@type":"ReadAction","target":["https:\/\/tekeva.lappia.fi\/index.php\/osuuskunta\/"]}]},{"@type":"ImageObject","inLanguage":"fi","@id":"https:\/\/tekeva.lappia.fi\/index.php\/osuuskunta\/#primaryimage","url":"https:\/\/tekeva.lappia.fi\/wp-content\/uploads\/2024\/11\/porukka1.png","contentUrl":"https:\/\/tekeva.lappia.fi\/wp-content\/uploads\/2024\/11\/porukka1.png","width":713,"height":425},{"@type":"BreadcrumbList","@id":"https:\/\/tekeva.lappia.fi\/index.php\/osuuskunta\/#breadcrumb","itemListElement":[{"@type":"ListItem","position":1,"name":"Etusivu","item":"https:\/\/tekeva.lappia.fi\/"},{"@type":"ListItem","position":2,"name":"Osuuskunta"}]},{"@type":"WebSite","@id":"https:\/\/tekeva.lappia.fi\/#website","url":"https:\/\/tekeva.lappia.fi\/","name":"Tekev\u00e4 Lappia Osuuskunta","description":"Tutustu palveluihimme ja l\u00f6yd\u00e4 ty\u00f6llesi tekij\u00e4!","publisher":{"@id":"https:\/\/tekeva.lappia.fi\/#organization"},"alternateName":"Tekev\u00e4","potentialAction":[{"@type":"SearchAction","target":{"@type":"EntryPoint","urlTemplate":"https:\/\/tekeva.lappia.fi\/?s={search_term_string}"},"query-input":{"@type":"PropertyValueSpecification","valueRequired":true,"valueName":"search_term_string"}}],"inLanguage":"fi"},{"@type":"Organization","@id":"https:\/\/tekeva.lappia.fi\/#organization","name":"Tekev\u00e4 Lappia Osuuskunta","alternateName":"Tekev\u00e4","url":"https:\/\/tekeva.lappia.fi\/","logo":{"@type":"ImageObject","inLanguage":"fi","@id":"https:\/\/tekeva.lappia.fi\/#\/schema\/logo\/image\/","url":"http:\/\/tekeva.lappia.fi\/wordpress\/wp-content\/uploads\/2024\/11\/cropped-cropped-mkt2.jpg","contentUrl":"http:\/\/tekeva.lappia.fi\/wordpress\/wp-content\/uploads\/2024\/11\/cropped-cropped-mkt2.jpg","width":512,"height":512,"caption":"Tekev\u00e4 Lappia Osuuskunta"},"image":{"@id":"https:\/\/tekeva.lappia.fi\/#\/schema\/logo\/image\/"}}]}},"_links":{"self":[{"href":"https:\/\/tekeva.lappia.fi\/index.php\/wp-json\/wp\/v2\/pages\/18","targetHints":{"allow":["GET"]}}],"collection":[{"href":"https:\/\/tekeva.lappia.fi\/index.php\/wp-json\/wp\/v2\/pages"}],"about":[{"href":"https:\/\/tekeva.lappia.fi\/index.php\/wp-json\/wp\/v2\/types\/page"}],"author":[{"embeddable":true,"href":"https:\/\/tekeva.lappia.fi\/index.php\/wp-json\/wp\/v2\/users\/2"}],"replies":[{"embeddable":true,"href":"https:\/\/tekeva.lappia.fi\/index.php\/wp-json\/wp\/v2\/comments?post=18"}],"version-history":[{"count":10,"href":"https:\/\/tekeva.lappia.fi\/index.php\/wp-json\/wp\/v2\/pages\/18\/revisions"}],"predecessor-version":[{"id":306,"href":"https:\/\/tekeva.lappia.fi\/index.php\/wp-json\/wp\/v2\/pages\/18\/revisions\/306"}],"wp:attachment":[{"href":"https:\/\/tekeva.lappia.fi\/index.php\/wp-json\/wp\/v2\/media?parent=18"}],"curies":[{"name":"wp","href":"https:\/\/api.w.org\/{rel}","templated":true}]}}