{"id":20,"date":"2024-11-18T13:54:02","date_gmt":"2024-11-18T11:54:02","guid":{"rendered":"https:\/\/tekeva.lappia.fi\/wordpress\/?page_id=20"},"modified":"2025-01-24T08:17:53","modified_gmt":"2025-01-24T06:17:53","slug":"purnukka","status":"publish","type":"page","link":"https:\/\/tekeva.lappia.fi\/index.php\/purnukka\/","title":{"rendered":"Purnukka"},"content":{"rendered":"\n<p>Tekev\u00e4 Lappia Osuuskunnan tekij\u00f6iden tuotteita l\u00f6ytyy kahvila-Purnukasta. Purnukassa on myynniss\u00e4 kattavasti tuotteita, esimerkiksi koruja, vaatteita, keramiikkaa, postikortteja ja puutuotteita. Teemana on k\u00e4sill\u00e4 tekeminen ja ekologisuus.<\/p>\n\n\n\n<p>Purnukka palvelee koulutuskuntayhtym\u00e4 Lappian p\u00e4\u00e4rakennuksessa ja l\u00f6yd\u00e4t sen heti p\u00e4\u00e4sis\u00e4\u00e4nk\u00e4ynnin aulasta, osoitteessa Urheilukatu 6, 95400 Tornio.<\/p>\n\n\n\n<figure class=\"wp-block-image size-full\"><img loading=\"lazy\" decoding=\"async\" width=\"960\" height=\"434\" src=\"http:\/\/tekeva.lappia.fi\/wordpress\/wp-content\/uploads\/2024\/11\/purnukka.jpg\" alt=\"\" class=\"wp-image-224\" srcset=\"https:\/\/tekeva.lappia.fi\/wp-content\/uploads\/2024\/11\/purnukka.jpg 960w, https:\/\/tekeva.lappia.fi\/wp-content\/uploads\/2024\/11\/purnukka-300x136.jpg 300w, https:\/\/tekeva.lappia.fi\/wp-content\/uploads\/2024\/11\/purnukka-768x347.jpg 768w, https:\/\/tekeva.lappia.fi\/wp-content\/uploads\/2024\/11\/purnukka-293x132.jpg 293w\" sizes=\"auto, (max-width: 960px) 100vw, 960px\" \/><\/figure>\n\n\n\n<div style=\"height:151px\" aria-hidden=\"true\" class=\"wp-block-spacer\"><\/div>\n\n\n\n<p>Osaamispalvelujohtaja Sanna Laihinen<br>puh. 040 595 7654<br>sanna.laihinen(at)lappia.fi<\/p>\n","protected":false},"excerpt":{"rendered":"<p>Tekev\u00e4 Lappia Osuuskunnan tekij\u00f6iden tuotteita l\u00f6ytyy kahvila-Purnukasta. Purnukassa on myynniss\u00e4 kattavasti tuotteita, esimerkiksi koruja, vaatteita, keramiikkaa, postikortteja ja puutuotteita. Teemana &hellip;<\/p>\n","protected":false},"author":2,"featured_media":0,"parent":0,"menu_order":0,"comment_status":"closed","ping_status":"closed","template":"","meta":{"footnotes":""},"class_list":["post-20","page","type-page","status-publish","hentry"],"yoast_head":"<!-- This site is optimized with the Yoast SEO plugin v24.3 - https:\/\/yoast.com\/wordpress\/plugins\/seo\/ -->\n<title>Purnukka - Tekev\u00e4 Lappia Osuuskunta<\/title>\n<meta name=\"description\" content=\"Tekev\u00e4 Lappia Osuuskunta tarjoaa tuotteita ja palveluja moniin tarpeisiin eri ammatteihin koulutettujen tekij\u00f6iden toteuttamana.\" \/>\n<meta name=\"robots\" content=\"index, follow, max-snippet:-1, max-image-preview:large, max-video-preview:-1\" \/>\n<link rel=\"canonical\" href=\"https:\/\/tekeva.lappia.fi\/index.php\/purnukka\/\" \/>\n<meta property=\"og:locale\" content=\"fi_FI\" \/>\n<meta property=\"og:type\" content=\"article\" \/>\n<meta property=\"og:title\" content=\"Purnukka - Tekev\u00e4 Lappia Osuuskunta\" \/>\n<meta property=\"og:description\" content=\"Tekev\u00e4 Lappia Osuuskunta tarjoaa tuotteita ja palveluja moniin tarpeisiin eri ammatteihin koulutettujen tekij\u00f6iden toteuttamana.\" \/>\n<meta property=\"og:url\" content=\"https:\/\/tekeva.lappia.fi\/index.php\/purnukka\/\" \/>\n<meta property=\"og:site_name\" content=\"Tekev\u00e4 Lappia Osuuskunta\" \/>\n<meta property=\"article:modified_time\" content=\"2025-01-24T06:17:53+00:00\" \/>\n<meta property=\"og:image\" content=\"https:\/\/tekeva.lappia.fi\/wp-content\/uploads\/2024\/11\/purnukka.jpg\" \/>\n\t<meta property=\"og:image:width\" content=\"960\" \/>\n\t<meta property=\"og:image:height\" content=\"434\" \/>\n\t<meta property=\"og:image:type\" content=\"image\/jpeg\" \/>\n<meta name=\"twitter:card\" content=\"summary_large_image\" \/>\n<meta name=\"twitter:label1\" content=\"Arvioitu lukuaika\" \/>\n\t<meta name=\"twitter:data1\" content=\"1 minuutti\" \/>\n<script type=\"application\/ld+json\" class=\"yoast-schema-graph\">{\"@context\":\"https:\/\/schema.org\",\"@graph\":[{\"@type\":\"WebPage\",\"@id\":\"https:\/\/tekeva.lappia.fi\/index.php\/purnukka\/\",\"url\":\"https:\/\/tekeva.lappia.fi\/index.php\/purnukka\/\",\"name\":\"Purnukka - Tekev\u00e4 Lappia Osuuskunta\",\"isPartOf\":{\"@id\":\"https:\/\/tekeva.lappia.fi\/#website\"},\"primaryImageOfPage\":{\"@id\":\"https:\/\/tekeva.lappia.fi\/index.php\/purnukka\/#primaryimage\"},\"image\":{\"@id\":\"https:\/\/tekeva.lappia.fi\/index.php\/purnukka\/#primaryimage\"},\"thumbnailUrl\":\"http:\/\/tekeva.lappia.fi\/wordpress\/wp-content\/uploads\/2024\/11\/purnukka.jpg\",\"datePublished\":\"2024-11-18T11:54:02+00:00\",\"dateModified\":\"2025-01-24T06:17:53+00:00\",\"description\":\"Tekev\u00e4 Lappia Osuuskunta tarjoaa tuotteita ja palveluja moniin tarpeisiin eri ammatteihin koulutettujen tekij\u00f6iden toteuttamana.\",\"breadcrumb\":{\"@id\":\"https:\/\/tekeva.lappia.fi\/index.php\/purnukka\/#breadcrumb\"},\"inLanguage\":\"fi\",\"potentialAction\":[{\"@type\":\"ReadAction\",\"target\":[\"https:\/\/tekeva.lappia.fi\/index.php\/purnukka\/\"]}]},{\"@type\":\"ImageObject\",\"inLanguage\":\"fi\",\"@id\":\"https:\/\/tekeva.lappia.fi\/index.php\/purnukka\/#primaryimage\",\"url\":\"https:\/\/tekeva.lappia.fi\/wp-content\/uploads\/2024\/11\/purnukka.jpg\",\"contentUrl\":\"https:\/\/tekeva.lappia.fi\/wp-content\/uploads\/2024\/11\/purnukka.jpg\",\"width\":960,\"height\":434},{\"@type\":\"BreadcrumbList\",\"@id\":\"https:\/\/tekeva.lappia.fi\/index.php\/purnukka\/#breadcrumb\",\"itemListElement\":[{\"@type\":\"ListItem\",\"position\":1,\"name\":\"Etusivu\",\"item\":\"https:\/\/tekeva.lappia.fi\/\"},{\"@type\":\"ListItem\",\"position\":2,\"name\":\"Purnukka\"}]},{\"@type\":\"WebSite\",\"@id\":\"https:\/\/tekeva.lappia.fi\/#website\",\"url\":\"https:\/\/tekeva.lappia.fi\/\",\"name\":\"Tekev\u00e4 Lappia Osuuskunta\",\"description\":\"Tutustu palveluihimme ja l\u00f6yd\u00e4 ty\u00f6llesi tekij\u00e4!\",\"publisher\":{\"@id\":\"https:\/\/tekeva.lappia.fi\/#organization\"},\"alternateName\":\"Tekev\u00e4\",\"potentialAction\":[{\"@type\":\"SearchAction\",\"target\":{\"@type\":\"EntryPoint\",\"urlTemplate\":\"https:\/\/tekeva.lappia.fi\/?s={search_term_string}\"},\"query-input\":{\"@type\":\"PropertyValueSpecification\",\"valueRequired\":true,\"valueName\":\"search_term_string\"}}],\"inLanguage\":\"fi\"},{\"@type\":\"Organization\",\"@id\":\"https:\/\/tekeva.lappia.fi\/#organization\",\"name\":\"Tekev\u00e4 Lappia Osuuskunta\",\"alternateName\":\"Tekev\u00e4\",\"url\":\"https:\/\/tekeva.lappia.fi\/\",\"logo\":{\"@type\":\"ImageObject\",\"inLanguage\":\"fi\",\"@id\":\"https:\/\/tekeva.lappia.fi\/#\/schema\/logo\/image\/\",\"url\":\"http:\/\/tekeva.lappia.fi\/wordpress\/wp-content\/uploads\/2024\/11\/cropped-cropped-mkt2.jpg\",\"contentUrl\":\"http:\/\/tekeva.lappia.fi\/wordpress\/wp-content\/uploads\/2024\/11\/cropped-cropped-mkt2.jpg\",\"width\":512,\"height\":512,\"caption\":\"Tekev\u00e4 Lappia Osuuskunta\"},\"image\":{\"@id\":\"https:\/\/tekeva.lappia.fi\/#\/schema\/logo\/image\/\"}}]}<\/script>\n<!-- \/ Yoast SEO plugin. -->","yoast_head_json":{"title":"Purnukka - Tekev\u00e4 Lappia Osuuskunta","description":"Tekev\u00e4 Lappia Osuuskunta tarjoaa tuotteita ja palveluja moniin tarpeisiin eri ammatteihin koulutettujen tekij\u00f6iden toteuttamana.","robots":{"index":"index","follow":"follow","max-snippet":"max-snippet:-1","max-image-preview":"max-image-preview:large","max-video-preview":"max-video-preview:-1"},"canonical":"https:\/\/tekeva.lappia.fi\/index.php\/purnukka\/","og_locale":"fi_FI","og_type":"article","og_title":"Purnukka - Tekev\u00e4 Lappia Osuuskunta","og_description":"Tekev\u00e4 Lappia Osuuskunta tarjoaa tuotteita ja palveluja moniin tarpeisiin eri ammatteihin koulutettujen tekij\u00f6iden toteuttamana.","og_url":"https:\/\/tekeva.lappia.fi\/index.php\/purnukka\/","og_site_name":"Tekev\u00e4 Lappia Osuuskunta","article_modified_time":"2025-01-24T06:17:53+00:00","og_image":[{"width":960,"height":434,"url":"https:\/\/tekeva.lappia.fi\/wp-content\/uploads\/2024\/11\/purnukka.jpg","type":"image\/jpeg"}],"twitter_card":"summary_large_image","twitter_misc":{"Arvioitu lukuaika":"1 minuutti"},"schema":{"@context":"https:\/\/schema.org","@graph":[{"@type":"WebPage","@id":"https:\/\/tekeva.lappia.fi\/index.php\/purnukka\/","url":"https:\/\/tekeva.lappia.fi\/index.php\/purnukka\/","name":"Purnukka - Tekev\u00e4 Lappia Osuuskunta","isPartOf":{"@id":"https:\/\/tekeva.lappia.fi\/#website"},"primaryImageOfPage":{"@id":"https:\/\/tekeva.lappia.fi\/index.php\/purnukka\/#primaryimage"},"image":{"@id":"https:\/\/tekeva.lappia.fi\/index.php\/purnukka\/#primaryimage"},"thumbnailUrl":"http:\/\/tekeva.lappia.fi\/wordpress\/wp-content\/uploads\/2024\/11\/purnukka.jpg","datePublished":"2024-11-18T11:54:02+00:00","dateModified":"2025-01-24T06:17:53+00:00","description":"Tekev\u00e4 Lappia Osuuskunta tarjoaa tuotteita ja palveluja moniin tarpeisiin eri ammatteihin koulutettujen tekij\u00f6iden toteuttamana.","breadcrumb":{"@id":"https:\/\/tekeva.lappia.fi\/index.php\/purnukka\/#breadcrumb"},"inLanguage":"fi","potentialAction":[{"@type":"ReadAction","target":["https:\/\/tekeva.lappia.fi\/index.php\/purnukka\/"]}]},{"@type":"ImageObject","inLanguage":"fi","@id":"https:\/\/tekeva.lappia.fi\/index.php\/purnukka\/#primaryimage","url":"https:\/\/tekeva.lappia.fi\/wp-content\/uploads\/2024\/11\/purnukka.jpg","contentUrl":"https:\/\/tekeva.lappia.fi\/wp-content\/uploads\/2024\/11\/purnukka.jpg","width":960,"height":434},{"@type":"BreadcrumbList","@id":"https:\/\/tekeva.lappia.fi\/index.php\/purnukka\/#breadcrumb","itemListElement":[{"@type":"ListItem","position":1,"name":"Etusivu","item":"https:\/\/tekeva.lappia.fi\/"},{"@type":"ListItem","position":2,"name":"Purnukka"}]},{"@type":"WebSite","@id":"https:\/\/tekeva.lappia.fi\/#website","url":"https:\/\/tekeva.lappia.fi\/","name":"Tekev\u00e4 Lappia Osuuskunta","description":"Tutustu palveluihimme ja l\u00f6yd\u00e4 ty\u00f6llesi tekij\u00e4!","publisher":{"@id":"https:\/\/tekeva.lappia.fi\/#organization"},"alternateName":"Tekev\u00e4","potentialAction":[{"@type":"SearchAction","target":{"@type":"EntryPoint","urlTemplate":"https:\/\/tekeva.lappia.fi\/?s={search_term_string}"},"query-input":{"@type":"PropertyValueSpecification","valueRequired":true,"valueName":"search_term_string"}}],"inLanguage":"fi"},{"@type":"Organization","@id":"https:\/\/tekeva.lappia.fi\/#organization","name":"Tekev\u00e4 Lappia Osuuskunta","alternateName":"Tekev\u00e4","url":"https:\/\/tekeva.lappia.fi\/","logo":{"@type":"ImageObject","inLanguage":"fi","@id":"https:\/\/tekeva.lappia.fi\/#\/schema\/logo\/image\/","url":"http:\/\/tekeva.lappia.fi\/wordpress\/wp-content\/uploads\/2024\/11\/cropped-cropped-mkt2.jpg","contentUrl":"http:\/\/tekeva.lappia.fi\/wordpress\/wp-content\/uploads\/2024\/11\/cropped-cropped-mkt2.jpg","width":512,"height":512,"caption":"Tekev\u00e4 Lappia Osuuskunta"},"image":{"@id":"https:\/\/tekeva.lappia.fi\/#\/schema\/logo\/image\/"}}]}},"_links":{"self":[{"href":"https:\/\/tekeva.lappia.fi\/index.php\/wp-json\/wp\/v2\/pages\/20","targetHints":{"allow":["GET"]}}],"collection":[{"href":"https:\/\/tekeva.lappia.fi\/index.php\/wp-json\/wp\/v2\/pages"}],"about":[{"href":"https:\/\/tekeva.lappia.fi\/index.php\/wp-json\/wp\/v2\/types\/page"}],"author":[{"embeddable":true,"href":"https:\/\/tekeva.lappia.fi\/index.php\/wp-json\/wp\/v2\/users\/2"}],"replies":[{"embeddable":true,"href":"https:\/\/tekeva.lappia.fi\/index.php\/wp-json\/wp\/v2\/comments?post=20"}],"version-history":[{"count":10,"href":"https:\/\/tekeva.lappia.fi\/index.php\/wp-json\/wp\/v2\/pages\/20\/revisions"}],"predecessor-version":[{"id":312,"href":"https:\/\/tekeva.lappia.fi\/index.php\/wp-json\/wp\/v2\/pages\/20\/revisions\/312"}],"wp:attachment":[{"href":"https:\/\/tekeva.lappia.fi\/index.php\/wp-json\/wp\/v2\/media?parent=20"}],"curies":[{"name":"wp","href":"https:\/\/api.w.org\/{rel}","templated":true}]}}