{"id":22,"date":"2024-11-18T14:27:18","date_gmt":"2024-11-18T12:27:18","guid":{"rendered":"https:\/\/tekeva.lappia.fi\/wordpress\/?page_id=22"},"modified":"2025-01-23T13:32:43","modified_gmt":"2025-01-23T11:32:43","slug":"yhteystiedot","status":"publish","type":"page","link":"https:\/\/tekeva.lappia.fi\/index.php\/yhteystiedot\/","title":{"rendered":"Yhteystiedot"},"content":{"rendered":"\n<h1 class=\"wp-block-heading\"><\/h1>\n\n\n\n<p class=\"has-normal-font-size\">Tekev\u00e4 Lappia Osuuskunta <br>Urheilukatu 6, 95400 Tornio   <\/p>\n\n\n\n<p><\/p>\n\n\n\n<p class=\"has-normal-font-size\">Toimitusjohtaja: Anne Tryyki, puh. 050 461 1227<\/p>\n\n\n\n<p class=\"has-normal-font-size\"><br>Taloudenhoitaja: Raija Paasimaa, puh. 0400 578 941<\/p>\n\n\n\n<p>\n<div class=\"googlemaps\">\n\t\t\t\t<iframe src=\"https:\/\/www.google.com\/maps\/embed?pb=!1m18!1m12!1m3!1d1632.2089901444238!2d24.136096978087696!3d65.85209347840127!2m3!1f0!2f0!3f0!3m2!1i1024!2i768!4f13.1!3m3!1m2!1s0x45d547775fdf82bf%3A0x624d5c6ddc75c8e7!2sUrheilukatu%206%2C%2095400%20Tornio!5e0!3m2!1sfi!2sfi!4v1732531674681!5m2!1sfi!2sfi\" width=\"600\" height=\"450\" style=\"border:0;\" allowfullscreen=\"\" loading=\"lazy\" referrerpolicy=\"no-referrer-when-downgrade\"><\/iframe>\n\t\t\t<\/div> \n<\/iframe>\n<\/p>\n","protected":false},"excerpt":{"rendered":"<p>Tekev\u00e4 Lappia Osuuskunta Urheilukatu 6, 95400 Tornio Toimitusjohtaja: Anne Tryyki, puh. 050 461 1227 Taloudenhoitaja: Raija Paasimaa, puh. 0400 578 &hellip;<\/p>\n","protected":false},"author":2,"featured_media":0,"parent":0,"menu_order":0,"comment_status":"closed","ping_status":"closed","template":"","meta":{"footnotes":""},"class_list":["post-22","page","type-page","status-publish","hentry"],"yoast_head":"<!-- This site is optimized with the Yoast SEO plugin v24.3 - https:\/\/yoast.com\/wordpress\/plugins\/seo\/ -->\n<title>Yhteystiedot - Tekev\u00e4 Lappia Osuuskunta<\/title>\n<meta name=\"description\" content=\"Tekev\u00e4 Lappia Osuuskunta tarjoaa tuotteita ja palveluja moniin tarpeisiin eri ammatteihin koulutettujen tekij\u00f6iden toteuttamana.\" \/>\n<meta name=\"robots\" content=\"index, follow, max-snippet:-1, max-image-preview:large, max-video-preview:-1\" \/>\n<link rel=\"canonical\" href=\"https:\/\/tekeva.lappia.fi\/index.php\/yhteystiedot\/\" \/>\n<meta property=\"og:locale\" content=\"fi_FI\" \/>\n<meta property=\"og:type\" content=\"article\" \/>\n<meta property=\"og:title\" content=\"Yhteystiedot - Tekev\u00e4 Lappia Osuuskunta\" \/>\n<meta property=\"og:description\" content=\"Tekev\u00e4 Lappia Osuuskunta tarjoaa tuotteita ja palveluja moniin tarpeisiin eri ammatteihin koulutettujen tekij\u00f6iden toteuttamana.\" \/>\n<meta property=\"og:url\" content=\"https:\/\/tekeva.lappia.fi\/index.php\/yhteystiedot\/\" \/>\n<meta property=\"og:site_name\" content=\"Tekev\u00e4 Lappia Osuuskunta\" \/>\n<meta property=\"article:modified_time\" content=\"2025-01-23T11:32:43+00:00\" \/>\n<meta name=\"twitter:card\" content=\"summary_large_image\" \/>\n<meta name=\"twitter:label1\" content=\"Arvioitu lukuaika\" \/>\n\t<meta name=\"twitter:data1\" content=\"1 minuutti\" \/>\n<script type=\"application\/ld+json\" class=\"yoast-schema-graph\">{\"@context\":\"https:\/\/schema.org\",\"@graph\":[{\"@type\":\"WebPage\",\"@id\":\"https:\/\/tekeva.lappia.fi\/index.php\/yhteystiedot\/\",\"url\":\"https:\/\/tekeva.lappia.fi\/index.php\/yhteystiedot\/\",\"name\":\"Yhteystiedot - Tekev\u00e4 Lappia Osuuskunta\",\"isPartOf\":{\"@id\":\"https:\/\/tekeva.lappia.fi\/#website\"},\"datePublished\":\"2024-11-18T12:27:18+00:00\",\"dateModified\":\"2025-01-23T11:32:43+00:00\",\"description\":\"Tekev\u00e4 Lappia Osuuskunta tarjoaa tuotteita ja palveluja moniin tarpeisiin eri ammatteihin koulutettujen tekij\u00f6iden toteuttamana.\",\"breadcrumb\":{\"@id\":\"https:\/\/tekeva.lappia.fi\/index.php\/yhteystiedot\/#breadcrumb\"},\"inLanguage\":\"fi\",\"potentialAction\":[{\"@type\":\"ReadAction\",\"target\":[\"https:\/\/tekeva.lappia.fi\/index.php\/yhteystiedot\/\"]}]},{\"@type\":\"BreadcrumbList\",\"@id\":\"https:\/\/tekeva.lappia.fi\/index.php\/yhteystiedot\/#breadcrumb\",\"itemListElement\":[{\"@type\":\"ListItem\",\"position\":1,\"name\":\"Etusivu\",\"item\":\"https:\/\/tekeva.lappia.fi\/\"},{\"@type\":\"ListItem\",\"position\":2,\"name\":\"Yhteystiedot\"}]},{\"@type\":\"WebSite\",\"@id\":\"https:\/\/tekeva.lappia.fi\/#website\",\"url\":\"https:\/\/tekeva.lappia.fi\/\",\"name\":\"Tekev\u00e4 Lappia Osuuskunta\",\"description\":\"Tutustu palveluihimme ja l\u00f6yd\u00e4 ty\u00f6llesi tekij\u00e4!\",\"publisher\":{\"@id\":\"https:\/\/tekeva.lappia.fi\/#organization\"},\"alternateName\":\"Tekev\u00e4\",\"potentialAction\":[{\"@type\":\"SearchAction\",\"target\":{\"@type\":\"EntryPoint\",\"urlTemplate\":\"https:\/\/tekeva.lappia.fi\/?s={search_term_string}\"},\"query-input\":{\"@type\":\"PropertyValueSpecification\",\"valueRequired\":true,\"valueName\":\"search_term_string\"}}],\"inLanguage\":\"fi\"},{\"@type\":\"Organization\",\"@id\":\"https:\/\/tekeva.lappia.fi\/#organization\",\"name\":\"Tekev\u00e4 Lappia Osuuskunta\",\"alternateName\":\"Tekev\u00e4\",\"url\":\"https:\/\/tekeva.lappia.fi\/\",\"logo\":{\"@type\":\"ImageObject\",\"inLanguage\":\"fi\",\"@id\":\"https:\/\/tekeva.lappia.fi\/#\/schema\/logo\/image\/\",\"url\":\"http:\/\/tekeva.lappia.fi\/wordpress\/wp-content\/uploads\/2024\/11\/cropped-cropped-mkt2.jpg\",\"contentUrl\":\"http:\/\/tekeva.lappia.fi\/wordpress\/wp-content\/uploads\/2024\/11\/cropped-cropped-mkt2.jpg\",\"width\":512,\"height\":512,\"caption\":\"Tekev\u00e4 Lappia Osuuskunta\"},\"image\":{\"@id\":\"https:\/\/tekeva.lappia.fi\/#\/schema\/logo\/image\/\"}}]}<\/script>\n<!-- \/ Yoast SEO plugin. -->","yoast_head_json":{"title":"Yhteystiedot - Tekev\u00e4 Lappia Osuuskunta","description":"Tekev\u00e4 Lappia Osuuskunta tarjoaa tuotteita ja palveluja moniin tarpeisiin eri ammatteihin koulutettujen tekij\u00f6iden toteuttamana.","robots":{"index":"index","follow":"follow","max-snippet":"max-snippet:-1","max-image-preview":"max-image-preview:large","max-video-preview":"max-video-preview:-1"},"canonical":"https:\/\/tekeva.lappia.fi\/index.php\/yhteystiedot\/","og_locale":"fi_FI","og_type":"article","og_title":"Yhteystiedot - Tekev\u00e4 Lappia Osuuskunta","og_description":"Tekev\u00e4 Lappia Osuuskunta tarjoaa tuotteita ja palveluja moniin tarpeisiin eri ammatteihin koulutettujen tekij\u00f6iden toteuttamana.","og_url":"https:\/\/tekeva.lappia.fi\/index.php\/yhteystiedot\/","og_site_name":"Tekev\u00e4 Lappia Osuuskunta","article_modified_time":"2025-01-23T11:32:43+00:00","twitter_card":"summary_large_image","twitter_misc":{"Arvioitu lukuaika":"1 minuutti"},"schema":{"@context":"https:\/\/schema.org","@graph":[{"@type":"WebPage","@id":"https:\/\/tekeva.lappia.fi\/index.php\/yhteystiedot\/","url":"https:\/\/tekeva.lappia.fi\/index.php\/yhteystiedot\/","name":"Yhteystiedot - Tekev\u00e4 Lappia Osuuskunta","isPartOf":{"@id":"https:\/\/tekeva.lappia.fi\/#website"},"datePublished":"2024-11-18T12:27:18+00:00","dateModified":"2025-01-23T11:32:43+00:00","description":"Tekev\u00e4 Lappia Osuuskunta tarjoaa tuotteita ja palveluja moniin tarpeisiin eri ammatteihin koulutettujen tekij\u00f6iden toteuttamana.","breadcrumb":{"@id":"https:\/\/tekeva.lappia.fi\/index.php\/yhteystiedot\/#breadcrumb"},"inLanguage":"fi","potentialAction":[{"@type":"ReadAction","target":["https:\/\/tekeva.lappia.fi\/index.php\/yhteystiedot\/"]}]},{"@type":"BreadcrumbList","@id":"https:\/\/tekeva.lappia.fi\/index.php\/yhteystiedot\/#breadcrumb","itemListElement":[{"@type":"ListItem","position":1,"name":"Etusivu","item":"https:\/\/tekeva.lappia.fi\/"},{"@type":"ListItem","position":2,"name":"Yhteystiedot"}]},{"@type":"WebSite","@id":"https:\/\/tekeva.lappia.fi\/#website","url":"https:\/\/tekeva.lappia.fi\/","name":"Tekev\u00e4 Lappia Osuuskunta","description":"Tutustu palveluihimme ja l\u00f6yd\u00e4 ty\u00f6llesi tekij\u00e4!","publisher":{"@id":"https:\/\/tekeva.lappia.fi\/#organization"},"alternateName":"Tekev\u00e4","potentialAction":[{"@type":"SearchAction","target":{"@type":"EntryPoint","urlTemplate":"https:\/\/tekeva.lappia.fi\/?s={search_term_string}"},"query-input":{"@type":"PropertyValueSpecification","valueRequired":true,"valueName":"search_term_string"}}],"inLanguage":"fi"},{"@type":"Organization","@id":"https:\/\/tekeva.lappia.fi\/#organization","name":"Tekev\u00e4 Lappia Osuuskunta","alternateName":"Tekev\u00e4","url":"https:\/\/tekeva.lappia.fi\/","logo":{"@type":"ImageObject","inLanguage":"fi","@id":"https:\/\/tekeva.lappia.fi\/#\/schema\/logo\/image\/","url":"http:\/\/tekeva.lappia.fi\/wordpress\/wp-content\/uploads\/2024\/11\/cropped-cropped-mkt2.jpg","contentUrl":"http:\/\/tekeva.lappia.fi\/wordpress\/wp-content\/uploads\/2024\/11\/cropped-cropped-mkt2.jpg","width":512,"height":512,"caption":"Tekev\u00e4 Lappia Osuuskunta"},"image":{"@id":"https:\/\/tekeva.lappia.fi\/#\/schema\/logo\/image\/"}}]}},"_links":{"self":[{"href":"https:\/\/tekeva.lappia.fi\/index.php\/wp-json\/wp\/v2\/pages\/22","targetHints":{"allow":["GET"]}}],"collection":[{"href":"https:\/\/tekeva.lappia.fi\/index.php\/wp-json\/wp\/v2\/pages"}],"about":[{"href":"https:\/\/tekeva.lappia.fi\/index.php\/wp-json\/wp\/v2\/types\/page"}],"author":[{"embeddable":true,"href":"https:\/\/tekeva.lappia.fi\/index.php\/wp-json\/wp\/v2\/users\/2"}],"replies":[{"embeddable":true,"href":"https:\/\/tekeva.lappia.fi\/index.php\/wp-json\/wp\/v2\/comments?post=22"}],"version-history":[{"count":10,"href":"https:\/\/tekeva.lappia.fi\/index.php\/wp-json\/wp\/v2\/pages\/22\/revisions"}],"predecessor-version":[{"id":301,"href":"https:\/\/tekeva.lappia.fi\/index.php\/wp-json\/wp\/v2\/pages\/22\/revisions\/301"}],"wp:attachment":[{"href":"https:\/\/tekeva.lappia.fi\/index.php\/wp-json\/wp\/v2\/media?parent=22"}],"curies":[{"name":"wp","href":"https:\/\/api.w.org\/{rel}","templated":true}]}}